{"id":717,"date":"2023-05-23T11:23:09","date_gmt":"2023-05-23T11:23:09","guid":{"rendered":"https:\/\/google.biz.tr\/bereket\/?page_id=717"},"modified":"2023-05-30T10:42:08","modified_gmt":"2023-05-30T10:42:08","slug":"hdpe-yuksek-yogunlukta-polietilen","status":"publish","type":"page","link":"https:\/\/bereketplast.com\/ar\/pe-polietilen\/hdpe-yuksek-yogunlukta-polietilen\/","title":{"rendered":"HDPE ( y\u00fcksek yo\u011funlukta polietilen)"},"content":{"rendered":"<div data-elementor-type=\"wp-page\" data-elementor-id=\"717\" class=\"elementor elementor-717\">\n\t\t\t\t\t\t\t\t\t<section class=\"elementor-section elementor-top-section elementor-element elementor-element-7a75796b elementor-section-boxed elementor-section-height-default elementor-section-height-default\" data-id=\"7a75796b\" data-element_type=\"section\" data-settings=\"{&quot;background_background&quot;:&quot;classic&quot;}\">\n\t\t\t\t\t\t\t<div class=\"elementor-background-overlay\"><\/div>\n\t\t\t\t\t\t\t<div class=\"elementor-container elementor-column-gap-default\">\n\t\t\t\t\t<div class=\"elementor-column elementor-col-100 elementor-top-column elementor-element elementor-element-c78edf\" data-id=\"c78edf\" data-element_type=\"column\">\n\t\t\t<div class=\"elementor-widget-wrap elementor-element-populated\">\n\t\t\t\t\t\t\t\t<div class=\"elementor-element elementor-element-4b1f62b6 elementor-widget elementor-widget-heading\" data-id=\"4b1f62b6\" data-element_type=\"widget\" data-widget_type=\"heading.default\">\n\t\t\t\t<div class=\"elementor-widget-container\">\n\t\t\t<style>\/*! elementor - v3.16.0 - 09-10-2023 *\/\n.elementor-heading-title{padding:0;margin:0;line-height:1}.elementor-widget-heading .elementor-heading-title[class*=elementor-size-]>a{color:inherit;font-size:inherit;line-height:inherit}.elementor-widget-heading .elementor-heading-title.elementor-size-small{font-size:15px}.elementor-widget-heading .elementor-heading-title.elementor-size-medium{font-size:19px}.elementor-widget-heading .elementor-heading-title.elementor-size-large{font-size:29px}.elementor-widget-heading .elementor-heading-title.elementor-size-xl{font-size:39px}.elementor-widget-heading .elementor-heading-title.elementor-size-xxl{font-size:59px}<\/style><h2 class=\"elementor-heading-title elementor-size-default\">\u062d\u0628\u064a\u0628\u0627\u062a \u0627\u0644\u0628\u0648\u0644\u064a \u0625\u064a\u062b\u064a\u0644\u064a\u0646 \u0639\u0627\u0644\u064a \u0627\u0644\u0643\u062b\u0627\u0641\u0629 \/ HDPE<\/h2>\t\t<\/div>\n\t\t\t\t<\/div>\n\t\t\t\t\t<\/div>\n\t\t<\/div>\n\t\t\t\t\t\t\t<\/div>\n\t\t<\/section>\n\t\t\t\t<section class=\"elementor-section elementor-top-section elementor-element elementor-element-4d0c172c elementor-section-boxed elementor-section-height-default elementor-section-height-default\" data-id=\"4d0c172c\" data-element_type=\"section\">\n\t\t\t\t\t\t<div class=\"elementor-container elementor-column-gap-default\">\n\t\t\t\t\t<div class=\"elementor-column elementor-col-50 elementor-top-column elementor-element elementor-element-1a09824b\" data-id=\"1a09824b\" data-element_type=\"column\">\n\t\t\t<div class=\"elementor-widget-wrap elementor-element-populated\">\n\t\t\t\t\t\t\t\t<div class=\"elementor-element elementor-element-7b00abde elementor-widget elementor-widget-heading\" data-id=\"7b00abde\" data-element_type=\"widget\" data-widget_type=\"heading.default\">\n\t\t\t\t<div class=\"elementor-widget-container\">\n\t\t\t<h2 class=\"elementor-heading-title elementor-size-default\">\u062d\u0628\u064a\u0628\u0627\u062a \u0627\u0644\u0628\u0648\u0644\u064a \u0625\u064a\u062b\u064a\u0644\u064a\u0646 \u0639\u0627\u0644\u064a \u0627\u0644\u0643\u062b\u0627\u0641\u0629 \/ HDPE<\/h2>\t\t<\/div>\n\t\t\t\t<\/div>\n\t\t\t\t<div class=\"elementor-element elementor-element-62bf790f elementor-widget-divider--view-line elementor-widget elementor-widget-divider\" data-id=\"62bf790f\" data-element_type=\"widget\" data-widget_type=\"divider.default\">\n\t\t\t\t<div class=\"elementor-widget-container\">\n\t\t\t<style>\/*! elementor - v3.16.0 - 09-10-2023 *\/\n.elementor-widget-divider{--divider-border-style:none;--divider-border-width:1px;--divider-color:#0c0d0e;--divider-icon-size:20px;--divider-element-spacing:10px;--divider-pattern-height:24px;--divider-pattern-size:20px;--divider-pattern-url:none;--divider-pattern-repeat:repeat-x}.elementor-widget-divider .elementor-divider{display:flex}.elementor-widget-divider .elementor-divider__text{font-size:15px;line-height:1;max-width:95%}.elementor-widget-divider .elementor-divider__element{margin:0 var(--divider-element-spacing);flex-shrink:0}.elementor-widget-divider .elementor-icon{font-size:var(--divider-icon-size)}.elementor-widget-divider .elementor-divider-separator{display:flex;margin:0;direction:ltr}.elementor-widget-divider--view-line_icon .elementor-divider-separator,.elementor-widget-divider--view-line_text .elementor-divider-separator{align-items:center}.elementor-widget-divider--view-line_icon .elementor-divider-separator:after,.elementor-widget-divider--view-line_icon .elementor-divider-separator:before,.elementor-widget-divider--view-line_text .elementor-divider-separator:after,.elementor-widget-divider--view-line_text .elementor-divider-separator:before{display:block;content:\"\";border-bottom:0;flex-grow:1;border-top:var(--divider-border-width) var(--divider-border-style) var(--divider-color)}.elementor-widget-divider--element-align-left .elementor-divider .elementor-divider-separator>.elementor-divider__svg:first-of-type{flex-grow:0;flex-shrink:100}.elementor-widget-divider--element-align-left .elementor-divider-separator:before{content:none}.elementor-widget-divider--element-align-left .elementor-divider__element{margin-left:0}.elementor-widget-divider--element-align-right .elementor-divider .elementor-divider-separator>.elementor-divider__svg:last-of-type{flex-grow:0;flex-shrink:100}.elementor-widget-divider--element-align-right .elementor-divider-separator:after{content:none}.elementor-widget-divider--element-align-right .elementor-divider__element{margin-right:0}.elementor-widget-divider:not(.elementor-widget-divider--view-line_text):not(.elementor-widget-divider--view-line_icon) .elementor-divider-separator{border-top:var(--divider-border-width) var(--divider-border-style) var(--divider-color)}.elementor-widget-divider--separator-type-pattern{--divider-border-style:none}.elementor-widget-divider--separator-type-pattern.elementor-widget-divider--view-line .elementor-divider-separator,.elementor-widget-divider--separator-type-pattern:not(.elementor-widget-divider--view-line) .elementor-divider-separator:after,.elementor-widget-divider--separator-type-pattern:not(.elementor-widget-divider--view-line) .elementor-divider-separator:before,.elementor-widget-divider--separator-type-pattern:not([class*=elementor-widget-divider--view]) .elementor-divider-separator{width:100%;min-height:var(--divider-pattern-height);-webkit-mask-size:var(--divider-pattern-size) 100%;mask-size:var(--divider-pattern-size) 100%;-webkit-mask-repeat:var(--divider-pattern-repeat);mask-repeat:var(--divider-pattern-repeat);background-color:var(--divider-color);-webkit-mask-image:var(--divider-pattern-url);mask-image:var(--divider-pattern-url)}.elementor-widget-divider--no-spacing{--divider-pattern-size:auto}.elementor-widget-divider--bg-round{--divider-pattern-repeat:round}.rtl .elementor-widget-divider .elementor-divider__text{direction:rtl}.e-con-inner>.elementor-widget-divider,.e-con>.elementor-widget-divider{width:var(--container-widget-width,100%);--flex-grow:var(--container-widget-flex-grow)}<\/style>\t\t<div class=\"elementor-divider\">\n\t\t\t<span class=\"elementor-divider-separator\">\n\t\t\t\t\t\t<\/span>\n\t\t<\/div>\n\t\t\t\t<\/div>\n\t\t\t\t<\/div>\n\t\t\t\t<div class=\"elementor-element elementor-element-7905540f elementor-widget elementor-widget-text-editor\" data-id=\"7905540f\" data-element_type=\"widget\" data-widget_type=\"text-editor.default\">\n\t\t\t\t<div class=\"elementor-widget-container\">\n\t\t\t<style>\/*! elementor - v3.16.0 - 09-10-2023 *\/\n.elementor-widget-text-editor.elementor-drop-cap-view-stacked .elementor-drop-cap{background-color:#69727d;color:#fff}.elementor-widget-text-editor.elementor-drop-cap-view-framed .elementor-drop-cap{color:#69727d;border:3px solid;background-color:transparent}.elementor-widget-text-editor:not(.elementor-drop-cap-view-default) .elementor-drop-cap{margin-top:8px}.elementor-widget-text-editor:not(.elementor-drop-cap-view-default) .elementor-drop-cap-letter{width:1em;height:1em}.elementor-widget-text-editor .elementor-drop-cap{float:left;text-align:center;line-height:1;font-size:50px}.elementor-widget-text-editor .elementor-drop-cap-letter{display:inline-block}<\/style>\t\t\t\t<p>\u0627\u0644\u0645\u0627\u062f\u0629 \u0627\u0644\u0646\u0627\u062a\u062c\u0629 \u0639\u0646 \u0639\u0645\u0644\u064a\u0627\u062a \u0627\u0644\u0633\u062d\u0642 \u0648\u0627\u0644\u063a\u0633\u064a\u0644 \u0644\u0644\u062d\u0627\u0648\u064a\u0627\u062a \u0627\u0644\u0628\u0644\u0627\u0633\u062a\u064a\u0643\u064a\u0629 \u0627\u0644\u0645\u0644\u0648\u062b\u0629 \u0641\u064a \u0645\u0635\u0646\u0639\u0646\u0627 \u064a\u062a\u0645 \u062a\u0630\u0648\u064a\u0628\u0647\u0627 \u0648\u062a\u0635\u0647\u064a\u0631\u0647\u0627 \u0628\u062f\u0631\u062c\u0629 \u062d\u0631\u0627\u0631\u0629 \u0645\u0646\u0627\u0633\u0628\u0629 \u0641\u064a \u0622\u0644\u0627\u062a \u0627\u0644\u0623\u062c\u0631\u0648\u0645\u064a\u0644 \u0628\u0639\u062f \u0627\u0644\u0627\u0646\u062a\u0647\u0627\u0621 \u0645\u0646 \u0639\u0645\u0644\u064a\u0629 \u0627\u0644\u062a\u062c\u0641\u064a\u0641 \u0627\u0644\u0635\u0646\u0627\u0639\u064a \u0641\u064a \u0645\u0635\u0646\u0639\u0646\u0627 \u0627\u0644\u0645\u0631\u0643\u0632\u064a\u060c \u062b\u0645 \u064a\u062a\u0645 \u062a\u0628\u0631\u064a\u062f\u0647\u0627 \u0648\u062a\u062d\u0648\u064a\u0644\u0647\u0627 \u0625\u0644\u0649 \u062d\u0628\u064a\u0628\u0627\u062a. \u0647\u0630\u0647 \u0627\u0644\u062d\u0628\u064a\u0628\u0627\u062a\u060c \u0627\u0644\u062a\u064a \u064a\u062a\u0645 \u062a\u062d\u0648\u064a\u0644\u0647\u0627 \u0645\u0646 \u0645\u0646\u062a\u062c\u0627\u062a \u0627\u0644\u0628\u0648\u0644\u064a \u0625\u064a\u062b\u064a\u0644\u064a\u0646 \u0627\u0644\u0628\u0644\u0627\u0633\u062a\u064a\u0643\u064a\u0629 \u0628\u0623\u0634\u0643\u0627\u0644 \u0648\u0623\u062d\u062c\u0627\u0645 \u0645\u062a\u0646\u0648\u0639\u0629\u060c \u062a\u064f\u0633\u062a\u062e\u062f\u0645 \u0643\u0645\u0648\u0627\u062f \u062e\u0627\u0645 \u0644\u0639\u0645\u0644\u064a\u0627\u062a \u0627\u0644\u0625\u0646\u062a\u0627\u062c.<\/p><p>\u0627\u0644\u0634\u0631\u0643\u0627\u062a \u0642\u0627\u062f\u0631\u0629 \u0639\u0644\u0649 \u0627\u0633\u062a\u062e\u062f\u0627\u0645 \u0647\u0630\u0647 \u0627\u0644\u0623\u062c\u0632\u0627\u0621 \u0645\u0628\u0627\u0634\u0631\u0629 \u0641\u064a \u0639\u0645\u0644\u064a\u0627\u062a \u0627\u0644\u0625\u0646\u062a\u0627\u062c \u0628\u0645\u0632\u062c\u0647\u0627 \u0645\u0639 \u0627\u0644\u0645\u0648\u0627\u062f \u0627\u0644\u062e\u0627\u0645 \u0627\u0644\u0623\u0635\u0644\u064a\u0629 \u0628\u0646\u0633\u0628 \u0645\u062d\u062f\u062f\u0629\u061b \u0628\u0627\u0644\u0625\u0645\u0643\u0627\u0646 \u062a\u0635\u0646\u064a\u0641\u0647\u0627 \u0643\u0645\u0648\u0627\u062f \u062e\u0627\u0645 \u0645\u0646 \u0627\u0644\u062f\u0631\u062c\u0629 \u0627\u0644\u062b\u0627\u0646\u064a\u0629 \u0628\u0639\u062f \u0625\u0639\u0627\u062f\u0629 \u062a\u0630\u0648\u064a\u0628\u0647\u0627 \u0648\u0625\u0636\u0627\u0641\u0629 \u0645\u0648\u0627\u062f \u0645\u0633\u0627\u0639\u062f\u0629. \u062a\u064f\u062d\u0648\u0644 \u0628\u0642\u0627\u064a\u0627 \u0627\u0644\u062a\u0639\u0628\u0626\u0629 \u0627\u0644\u0628\u0644\u0627\u0633\u062a\u064a\u0643\u064a\u0629 \u0625\u0644\u0649 \u062d\u0628\u064a\u0628\u0627\u062a \u0648\u062a\u0633\u062a\u062e\u062f\u0645 \u0643\u0645\u0648\u0627\u062f \u062e\u0627\u0645 \u0641\u064a \u0639\u0645\u0644\u064a\u0627\u062a \u0625\u0646\u062a\u0627\u062c \u0645\u0646\u062a\u062c\u0627\u062a \u062b\u0627\u0646\u0648\u064a\u0629.<\/p>\t\t\t\t\t\t<\/div>\n\t\t\t\t<\/div>\n\t\t\t\t\t<\/div>\n\t\t<\/div>\n\t\t\t\t<div class=\"elementor-column elementor-col-50 elementor-top-column elementor-element elementor-element-ff28779\" data-id=\"ff28779\" data-element_type=\"column\">\n\t\t\t<div class=\"elementor-widget-wrap elementor-element-populated\">\n\t\t\t\t\t\t\t\t<div class=\"elementor-element elementor-element-b174807 elementor-widget elementor-widget-image\" data-id=\"b174807\" data-element_type=\"widget\" data-widget_type=\"image.default\">\n\t\t\t\t<div class=\"elementor-widget-container\">\n\t\t\t<style>\/*! elementor - v3.16.0 - 09-10-2023 *\/\n.elementor-widget-image{text-align:center}.elementor-widget-image a{display:inline-block}.elementor-widget-image a img[src$=\".svg\"]{width:48px}.elementor-widget-image img{vertical-align:middle;display:inline-block}<\/style>\t\t\t\t\t\t\t\t\t\t\t\t\t<a href=\"https:\/\/i0.wp.com\/google.biz.tr\/bereket\/wp-content\/uploads\/2023\/05\/WhatsApp-Image-2023-05-30-at-13.39.01.jpeg?ssl=1\" data-elementor-open-lightbox=\"yes\" data-elementor-lightbox-title=\"WhatsApp Image 2023-05-30 at 13.39.01\" data-e-action-hash=\"#elementor-action%3Aaction%3Dlightbox%26settings%3DeyJpZCI6MTA5MSwidXJsIjoiaHR0cHM6XC9cL2JlcmVrZXRwbGFzdC5jb21cL3dwLWNvbnRlbnRcL3VwbG9hZHNcLzIwMjNcLzA1XC9XaGF0c0FwcC1JbWFnZS0yMDIzLTA1LTMwLWF0LTEzLjM5LjAxLmpwZWcifQ%3D%3D\">\n\t\t\t\t\t\t\t<img loading=\"lazy\" decoding=\"async\" width=\"768\" height=\"1024\" src=\"https:\/\/i0.wp.com\/bereketplast.com\/wp-content\/uploads\/2023\/05\/WhatsApp-Image-2023-05-30-at-13.39.01.jpeg?fit=768%2C1024&amp;ssl=1\" class=\"attachment-large size-large wp-image-1091\" alt=\"\" srcset=\"https:\/\/i0.wp.com\/bereketplast.com\/wp-content\/uploads\/2023\/05\/WhatsApp-Image-2023-05-30-at-13.39.01.jpeg?w=768&amp;ssl=1 768w, https:\/\/i0.wp.com\/bereketplast.com\/wp-content\/uploads\/2023\/05\/WhatsApp-Image-2023-05-30-at-13.39.01.jpeg?resize=225%2C300&amp;ssl=1 225w, https:\/\/i0.wp.com\/bereketplast.com\/wp-content\/uploads\/2023\/05\/WhatsApp-Image-2023-05-30-at-13.39.01.jpeg?resize=9%2C12&amp;ssl=1 9w\" sizes=\"auto, (max-width: 768px) 100vw, 768px\" \/>\t\t\t\t\t\t\t\t<\/a>\n\t\t\t\t\t\t\t\t\t\t\t\t\t\t\t<\/div>\n\t\t\t\t<\/div>\n\t\t\t\t\t<\/div>\n\t\t<\/div>\n\t\t\t\t\t\t\t<\/div>\n\t\t<\/section>\n\t\t\t\t<section class=\"elementor-section elementor-top-section elementor-element elementor-element-353213f1 elementor-section-boxed elementor-section-height-default elementor-section-height-default\" data-id=\"353213f1\" data-element_type=\"section\">\n\t\t\t\t\t\t<div class=\"elementor-container elementor-column-gap-default\">\n\t\t\t\t\t<div class=\"elementor-column elementor-col-100 elementor-top-column elementor-element elementor-element-33e371c\" data-id=\"33e371c\" data-element_type=\"column\">\n\t\t\t<div class=\"elementor-widget-wrap elementor-element-populated\">\n\t\t\t\t\t\t\t\t<div class=\"elementor-element elementor-element-7c5f64a3 elementor-widget elementor-widget-spacer\" data-id=\"7c5f64a3\" data-element_type=\"widget\" data-widget_type=\"spacer.default\">\n\t\t\t\t<div class=\"elementor-widget-container\">\n\t\t\t<style>\/*! elementor - v3.16.0 - 09-10-2023 *\/\n.elementor-column .elementor-spacer-inner{height:var(--spacer-size)}.e-con{--container-widget-width:100%}.e-con-inner>.elementor-widget-spacer,.e-con>.elementor-widget-spacer{width:var(--container-widget-width,var(--spacer-size));--align-self:var(--container-widget-align-self,initial);--flex-shrink:0}.e-con-inner>.elementor-widget-spacer>.elementor-widget-container,.e-con>.elementor-widget-spacer>.elementor-widget-container{height:100%;width:100%}.e-con-inner>.elementor-widget-spacer>.elementor-widget-container>.elementor-spacer,.e-con>.elementor-widget-spacer>.elementor-widget-container>.elementor-spacer{height:100%}.e-con-inner>.elementor-widget-spacer>.elementor-widget-container>.elementor-spacer>.elementor-spacer-inner,.e-con>.elementor-widget-spacer>.elementor-widget-container>.elementor-spacer>.elementor-spacer-inner{height:var(--container-widget-height,var(--spacer-size))}.e-con-inner>.elementor-widget-spacer.elementor-widget-empty,.e-con>.elementor-widget-spacer.elementor-widget-empty{position:relative;min-height:22px;min-width:22px}.e-con-inner>.elementor-widget-spacer.elementor-widget-empty .elementor-widget-empty-icon,.e-con>.elementor-widget-spacer.elementor-widget-empty .elementor-widget-empty-icon{position:absolute;top:0;bottom:0;left:0;right:0;margin:auto;padding:0;width:22px;height:22px}<\/style>\t\t<div class=\"elementor-spacer\">\n\t\t\t<div class=\"elementor-spacer-inner\"><\/div>\n\t\t<\/div>\n\t\t\t\t<\/div>\n\t\t\t\t<\/div>\n\t\t\t\t\t<\/div>\n\t\t<\/div>\n\t\t\t\t\t\t\t<\/div>\n\t\t<\/section>\n\t\t\t\t<section class=\"elementor-section elementor-top-section elementor-element elementor-element-3af3521 elementor-section-boxed elementor-section-height-default elementor-section-height-default\" data-id=\"3af3521\" data-element_type=\"section\">\n\t\t\t\t\t\t<div class=\"elementor-container elementor-column-gap-default\">\n\t\t\t\t\t<div class=\"elementor-column elementor-col-100 elementor-top-column elementor-element elementor-element-0351304\" data-id=\"0351304\" data-element_type=\"column\">\n\t\t\t<div class=\"elementor-widget-wrap elementor-element-populated\">\n\t\t\t\t\t\t\t\t<div class=\"elementor-element elementor-element-c362fd3 elementor-widget elementor-widget-heading\" data-id=\"c362fd3\" data-element_type=\"widget\" data-widget_type=\"heading.default\">\n\t\t\t\t<div class=\"elementor-widget-container\">\n\t\t\t<h3 class=\"elementor-heading-title elementor-size-default\">\u064a\u0631\u062c\u0649 \u0627\u0644\u0627\u062a\u0635\u0627\u0644 \u0628\u0646\u0627 \u0644\u0644\u062d\u0635\u0648\u0644 \u0639\u0644\u0649 \u0627\u0644\u0645\u0639\u0644\u0648\u0645\u0627\u062a \u0627\u0644\u062a\u0642\u0646\u064a\u0629.<\/h3>\t\t<\/div>\n\t\t\t\t<\/div>\n\t\t\t\t\t<\/div>\n\t\t<\/div>\n\t\t\t\t\t\t\t<\/div>\n\t\t<\/section>\n\t\t\t\t\t\t\t<\/div>","protected":false},"excerpt":{"rendered":"<p>Y\u00fcksek Yo\u011funluklu Polietilen\/HDPE\u00a0Gran\u00fcl Y\u00fcksek Yo\u011funluklu Polietilen\/HDPE\u00a0Gran\u00fcl Fabrikam\u0131zda kontamine plastik ambalajlar\u0131n k\u0131rma ve y\u0131kama i\u015flemi sonras\u0131nda \u00fcretilen \u00e7apak malzemesi merkez fabrikam\u0131zda end\u00fcstriyel kurutma i\u015fleminden sonra agromel makinalar\u0131nda uygun s\u0131cakl\u0131k ile eritilip kayna\u015ft\u0131r\u0131lma i\u015flemi sa\u011flan\u0131r ve daha sonra so\u011futularak gran\u00fcl haline getirilir. \u00c7ok farkl\u0131 bi\u00e7im ve boyutlardaki PE plastik \u00fcr\u00fcnlerden d\u00f6n\u00fc\u015ft\u00fcr\u00fclen bu gran\u00fcller \u00fcretime hammadde olarak kazand\u0131r\u0131l\u0131r. [&hellip;]<\/p>","protected":false},"author":1,"featured_media":0,"parent":715,"menu_order":0,"comment_status":"closed","ping_status":"closed","template":"elementor_header_footer","meta":{"footnotes":""},"class_list":["post-717","page","type-page","status-publish","hentry"],"_links":{"self":[{"href":"https:\/\/bereketplast.com\/ar\/wp-json\/wp\/v2\/pages\/717","targetHints":{"allow":["GET"]}}],"collection":[{"href":"https:\/\/bereketplast.com\/ar\/wp-json\/wp\/v2\/pages"}],"about":[{"href":"https:\/\/bereketplast.com\/ar\/wp-json\/wp\/v2\/types\/page"}],"author":[{"embeddable":true,"href":"https:\/\/bereketplast.com\/ar\/wp-json\/wp\/v2\/users\/1"}],"replies":[{"embeddable":true,"href":"https:\/\/bereketplast.com\/ar\/wp-json\/wp\/v2\/comments?post=717"}],"version-history":[{"count":28,"href":"https:\/\/bereketplast.com\/ar\/wp-json\/wp\/v2\/pages\/717\/revisions"}],"predecessor-version":[{"id":1100,"href":"https:\/\/bereketplast.com\/ar\/wp-json\/wp\/v2\/pages\/717\/revisions\/1100"}],"up":[{"embeddable":true,"href":"https:\/\/bereketplast.com\/ar\/wp-json\/wp\/v2\/pages\/715"}],"wp:attachment":[{"href":"https:\/\/bereketplast.com\/ar\/wp-json\/wp\/v2\/media?parent=717"}],"curies":[{"name":"wp","href":"https:\/\/api.w.org\/{rel}","templated":true}]}}